{"id":19,"date":"2020-01-03T14:38:07","date_gmt":"2020-01-03T14:38:07","guid":{"rendered":"https:\/\/loggikka.com.br\/?page_id=19"},"modified":"2021-04-12T22:20:49","modified_gmt":"2021-04-12T22:20:49","slug":"solucoes-2","status":"publish","type":"page","link":"https:\/\/loggikka.com\/en\/solucoes-2\/","title":{"rendered":"Solu\u00e7\u00f5es 2"},"content":{"rendered":"<p>20<br \/>\ndefault<\/p>\n<hr class=\"no_line\" style=\"margin:0 auto 0px\"\/>\n\n<h2>\nHuman<br \/>\nDevelopment<\/h2>\n<p>left<br \/>\nleft<br \/>\nno-repeat;left top;;<br \/>\nauto<\/p>\n<p>15<br \/>\ndefault<\/p>\n<hr class=\"no_line\" style=\"margin:0 auto 0px\"\/>\n\n<h6>Nos entendemos que antes de mais nada \u00e9 preciso se conhecer, saber como somos internamente.<\/p>\n<p>After all, there are no equal people and knowing how to deal with different types of behavior is essential to personal and professional success.<\/p>\n<p>We have certified Master Coachs and executive mentors with a lot of professional and life experience, who can share a lot of good things and help you in this process of learning and transformation for you and your business.<\/h6>\n<p>left<br \/>\ncenter<br \/>\nno-repeat;left top;;<br \/>\nauto<\/p>\n<p>50<br \/>\ndefault<\/p>\n<p><img decoding=\"async\" src=\"https:\/\/loggikka.com\/wp-content\/uploads\/2020\/01\/IMG_SERVICES_DESENVOLVIMENTO.jpg\" alt=\"\"><\/p>\n<p><img decoding=\"async\" src=\"https:\/\/loggikka.com\/wp-content\/uploads\/2020\/01\/vv-c\u00f3pia-15PNG.png\" alt=\"\"><br \/>\ncenter<\/p>\n<p>Identification and development of technical and managerial skills for team improvement (ASSESS).<br \/>\ncenter<br \/>\ncenter<br \/>\nno-repeat;left top;;<br \/>\nauto<\/p>\n<p><img decoding=\"async\" src=\"https:\/\/loggikka.com\/wp-content\/uploads\/2020\/01\/vv-c\u00f3pia-16PNG.png\" alt=\"\"><br \/>\ncenter<\/p>\n<p>Coaching Life e Executivo (forma\u00e7\u00e3o SLAC &#8211; Sociedade Latino Americana de Coaching).<br \/>\ncenter<br \/>\ncenter<br \/>\nno-repeat;left top;;<br \/>\nauto<\/p>\n<p><img decoding=\"async\" src=\"https:\/\/loggikka.com\/wp-content\/uploads\/2020\/01\/vv-c\u00f3pia-17PNG.png\" alt=\"\"><br \/>\ncenter<\/p>\n<p>Application of tools for defining behavioral profile (DISC).<br \/>\ncenter<br \/>\ncenter<br \/>\nno-repeat;left top;;<br \/>\nauto<\/p>\n<p><img decoding=\"async\" src=\"https:\/\/loggikka.com\/wp-content\/uploads\/2020\/01\/vv-c\u00f3pia-18PNG.png\" alt=\"\"><br \/>\ncenter<\/p>\n<p>Avalia\u00e7\u00e3o individual de inteligencia emocional (Relat\u00f3rio &#8211; 6 Seconds)<br \/>\ncenter<br \/>\ncenter<br \/>\nno-repeat;left top;;<br \/>\nauto<\/p>\n<p><img decoding=\"async\" src=\"https:\/\/loggikka.com\/wp-content\/uploads\/2020\/01\/vv-c\u00f3pia-19PNG.png\" alt=\"\"><br \/>\ncenter<\/p>\n<p>Motivational and inspirational talks (real experiences and knowledge).<br \/>\ncenter<br \/>\ncenter<br \/>\nno-repeat;left top;;<br \/>\nauto<\/p>\n<p><img decoding=\"async\" src=\"https:\/\/loggikka.com\/wp-content\/uploads\/2020\/01\/vv-c\u00f3pia-20PNG.png\" alt=\"\"><br \/>\ncenter<\/p>\n<p>Managerial and Business Mentoring for Entrepreneurship.<br \/>\ncenter<br \/>\ncenter<br \/>\nno-repeat;left top;;<br \/>\nauto<\/p>\n<p><img decoding=\"async\" src=\"https:\/\/loggikka.com\/wp-content\/uploads\/2020\/01\/IMG_SERVICES_2.jpg\" alt=\"\"><\/p>\n<hr class=\"no_line\" style=\"margin:0 auto 0px\"\/>\n\n<h3>\nlearning<br \/>\nexperiences<\/h3>\n<hr class=\"no_line\" style=\"margin:0 auto 0px\"\/>\n\n<h6>Manter-se atualizado \u00e9 muito importante  &#8230;. e para Loggikka, criar uma cultura de aprendizado cont\u00ednua faz toda a diferen\u00e7a. Aqui usamos metodologias \u201cout of the box\u201d &#8230; compartilhando conhecimento de formas pr\u00e1ticas, leves e descontra\u00eddas, onde a maior preocupa\u00e7\u00e3o e fazer com que o ensinamento seja absorvido de forma natural &#8230;. org\u00e2nica.<\/h6>\n<p>center<br \/>\nno-repeat;left top;;<br \/>\nauto<\/p>\n<p><img decoding=\"async\" src=\"https:\/\/loggikka.com\/wp-content\/uploads\/2020\/01\/vv-c\u00f3pia-27PNG.png\" alt=\"\"><br \/>\ncenter<\/p>\n<h6>Jogos empresariais e comportamentais<\/h6>\n<p>center<br \/>\ncenter<br \/>\nno-repeat;left top;;<br \/>\nauto<\/p>\n<p>10<br \/>\ndefault<\/p>\n<p><img decoding=\"async\" src=\"https:\/\/loggikka.com\/wp-content\/uploads\/2020\/01\/vv-c\u00f3pia-31PNG.png\" alt=\"\"><br \/>\ncenter<\/p>\n<h6>Finan\u00e7ascorporativas<\/h6>\n<p>center<br \/>\ncenter<br \/>\nno-repeat;left top;;<br \/>\nauto<\/p>\n<p><img decoding=\"async\" src=\"https:\/\/loggikka.com\/wp-content\/uploads\/2020\/01\/vv-c\u00f3pia-24PNG.png\" alt=\"\"><br \/>\ncenter<\/p>\n<h6>Coaching Day<\/h6>\n<p>center<br \/>\ncenter<br \/>\nno-repeat;left top;;<br \/>\nauto<\/p>\n<p><img decoding=\"async\" src=\"https:\/\/loggikka.com\/wp-content\/uploads\/2020\/01\/vv-c\u00f3pia-29PNG.png\" alt=\"\"><br \/>\ncenter<\/p>\n<h6>Eu Protagonistaby Casa na Arvore<\/h6>\n<p>center<br \/>\ncenter<br \/>\nno-repeat;left top;;<br \/>\nauto<\/p>\n<p><img decoding=\"async\" src=\"https:\/\/loggikka.com\/wp-content\/uploads\/2020\/01\/vv-c\u00f3pia-30PNG.png\" alt=\"\"><br \/>\ncenter<\/p>\n<h6>CorporateCompliance<\/h6>\n<p>center<br \/>\ncenter<br \/>\nno-repeat;left top;;<br \/>\nauto<\/p>","protected":false},"excerpt":{"rendered":"<p>20 default desenvolvimento humano left left no-repeat;left top;; auto 15 default Nos entendemos que antes de mais nada \u00e9 preciso se conhecer, saber como somos internamente.<span class=\"excerpt-hellip\"> [\u2026]<\/span><\/p>","protected":false},"author":1,"featured_media":0,"parent":0,"menu_order":0,"comment_status":"closed","ping_status":"closed","template":"","meta":{"_mi_skip_tracking":false,"_exactmetrics_sitenote_active":false,"_exactmetrics_sitenote_note":"","_exactmetrics_sitenote_category":0},"yoast_head":"<!-- This site is optimized with the Yoast SEO plugin v20.11 - https:\/\/yoast.com\/wordpress\/plugins\/seo\/ -->\n<title>Desenvolvimento Humano - Solu\u00e7\u00f5es time Loggikka<\/title>\n<meta name=\"description\" content=\"Temos Master Coachs certificados e mentores executivos com experiencia profissional e de vida, que podem compartilhar e ajud\u00e1-lo no seu aprendizado\" \/>\n<meta name=\"robots\" content=\"index, follow, max-snippet:-1, max-image-preview:large, max-video-preview:-1\" \/>\n<link rel=\"canonical\" href=\"https:\/\/loggikka.com\/en\/solucoes-2\/\" \/>\n<meta property=\"og:locale\" content=\"en_US\" \/>\n<meta property=\"og:type\" content=\"article\" \/>\n<meta property=\"og:title\" content=\"Desenvolvimento Humano - Solu\u00e7\u00f5es time Loggikka\" \/>\n<meta property=\"og:description\" content=\"Temos Master Coachs certificados e mentores executivos com experiencia profissional e de vida, que podem compartilhar e ajud\u00e1-lo no seu aprendizado\" \/>\n<meta property=\"og:url\" content=\"https:\/\/loggikka.com\/en\/solucoes-2\/\" \/>\n<meta property=\"og:site_name\" content=\"Loggikka\" \/>\n<meta property=\"article:publisher\" content=\"https:\/\/www.facebook.com\/loggikka\/\" \/>\n<meta property=\"article:modified_time\" content=\"2021-04-12T22:20:49+00:00\" \/>\n<meta property=\"og:image\" content=\"https:\/\/loggikka.com\/wp-content\/uploads\/2020\/01\/IMG_SERVICES_DESENVOLVIMENTO.jpg\" \/>\n<meta name=\"twitter:card\" content=\"summary_large_image\" \/>\n<meta name=\"twitter:label1\" content=\"Est. reading time\" \/>\n\t<meta name=\"twitter:data1\" content=\"2 minutes\" \/>\n<script type=\"application\/ld+json\" class=\"yoast-schema-graph\">{\"@context\":\"https:\/\/schema.org\",\"@graph\":[{\"@type\":\"WebPage\",\"@id\":\"https:\/\/loggikka.com\/solucoes-2\/\",\"url\":\"https:\/\/loggikka.com\/solucoes-2\/\",\"name\":\"Desenvolvimento Humano - Solu\u00e7\u00f5es time Loggikka\",\"isPartOf\":{\"@id\":\"https:\/\/loggikka.com\/#website\"},\"datePublished\":\"2020-01-03T14:38:07+00:00\",\"dateModified\":\"2021-04-12T22:20:49+00:00\",\"description\":\"Temos Master Coachs certificados e mentores executivos com experiencia profissional e de vida, que podem compartilhar e ajud\u00e1-lo no seu aprendizado\",\"breadcrumb\":{\"@id\":\"https:\/\/loggikka.com\/solucoes-2\/#breadcrumb\"},\"inLanguage\":\"en-US\",\"potentialAction\":[{\"@type\":\"ReadAction\",\"target\":[\"https:\/\/loggikka.com\/solucoes-2\/\"]}]},{\"@type\":\"BreadcrumbList\",\"@id\":\"https:\/\/loggikka.com\/solucoes-2\/#breadcrumb\",\"itemListElement\":[{\"@type\":\"ListItem\",\"position\":1,\"name\":\"In\u00edcio\",\"item\":\"https:\/\/loggikka.com\/\"},{\"@type\":\"ListItem\",\"position\":2,\"name\":\"Solu\u00e7\u00f5es 2\"}]},{\"@type\":\"WebSite\",\"@id\":\"https:\/\/loggikka.com\/#website\",\"url\":\"https:\/\/loggikka.com\/\",\"name\":\"Loggikka\",\"description\":\"Inova&ccedil;&atilde;o em Log&iacute;stica e Desenvolvimento humano\",\"publisher\":{\"@id\":\"https:\/\/loggikka.com\/#organization\"},\"potentialAction\":[{\"@type\":\"SearchAction\",\"target\":{\"@type\":\"EntryPoint\",\"urlTemplate\":\"https:\/\/loggikka.com\/?s={search_term_string}\"},\"query-input\":\"required name=search_term_string\"}],\"inLanguage\":\"en-US\"},{\"@type\":\"Organization\",\"@id\":\"https:\/\/loggikka.com\/#organization\",\"name\":\"Loggikka\",\"url\":\"https:\/\/loggikka.com\/\",\"logo\":{\"@type\":\"ImageObject\",\"inLanguage\":\"en-US\",\"@id\":\"https:\/\/loggikka.com\/#\/schema\/logo\/image\/\",\"url\":\"https:\/\/loggikka.com\/wp-content\/uploads\/2020\/01\/somos_loggikka.png\",\"contentUrl\":\"https:\/\/loggikka.com\/wp-content\/uploads\/2020\/01\/somos_loggikka.png\",\"width\":667,\"height\":251,\"caption\":\"Loggikka\"},\"image\":{\"@id\":\"https:\/\/loggikka.com\/#\/schema\/logo\/image\/\"},\"sameAs\":[\"https:\/\/www.facebook.com\/loggikka\/\",\"https:\/\/www.instagram.com\/loggikka\/\",\"https:\/\/www.linkedin.com\/company\/loggikka\/\"]}]}<\/script>\n<!-- \/ Yoast SEO plugin. -->","yoast_head_json":{"title":"Desenvolvimento Humano - Solu\u00e7\u00f5es time Loggikka","description":"Temos Master Coachs certificados e mentores executivos com experiencia profissional e de vida, que podem compartilhar e ajud\u00e1-lo no seu aprendizado","robots":{"index":"index","follow":"follow","max-snippet":"max-snippet:-1","max-image-preview":"max-image-preview:large","max-video-preview":"max-video-preview:-1"},"canonical":"https:\/\/loggikka.com\/en\/solucoes-2\/","og_locale":"en_US","og_type":"article","og_title":"Desenvolvimento Humano - Solu\u00e7\u00f5es time Loggikka","og_description":"Temos Master Coachs certificados e mentores executivos com experiencia profissional e de vida, que podem compartilhar e ajud\u00e1-lo no seu aprendizado","og_url":"https:\/\/loggikka.com\/en\/solucoes-2\/","og_site_name":"Loggikka","article_publisher":"https:\/\/www.facebook.com\/loggikka\/","article_modified_time":"2021-04-12T22:20:49+00:00","og_image":[{"url":"https:\/\/loggikka.com\/wp-content\/uploads\/2020\/01\/IMG_SERVICES_DESENVOLVIMENTO.jpg"}],"twitter_card":"summary_large_image","twitter_misc":{"Est. reading time":"2 minutes"},"schema":{"@context":"https:\/\/schema.org","@graph":[{"@type":"WebPage","@id":"https:\/\/loggikka.com\/solucoes-2\/","url":"https:\/\/loggikka.com\/solucoes-2\/","name":"Desenvolvimento Humano - Solu\u00e7\u00f5es time Loggikka","isPartOf":{"@id":"https:\/\/loggikka.com\/#website"},"datePublished":"2020-01-03T14:38:07+00:00","dateModified":"2021-04-12T22:20:49+00:00","description":"Temos Master Coachs certificados e mentores executivos com experiencia profissional e de vida, que podem compartilhar e ajud\u00e1-lo no seu aprendizado","breadcrumb":{"@id":"https:\/\/loggikka.com\/solucoes-2\/#breadcrumb"},"inLanguage":"en-US","potentialAction":[{"@type":"ReadAction","target":["https:\/\/loggikka.com\/solucoes-2\/"]}]},{"@type":"BreadcrumbList","@id":"https:\/\/loggikka.com\/solucoes-2\/#breadcrumb","itemListElement":[{"@type":"ListItem","position":1,"name":"In\u00edcio","item":"https:\/\/loggikka.com\/"},{"@type":"ListItem","position":2,"name":"Solu\u00e7\u00f5es 2"}]},{"@type":"WebSite","@id":"https:\/\/loggikka.com\/#website","url":"https:\/\/loggikka.com\/","name":"Loggikka","description":"Inova&ccedil;&atilde;o em Log&iacute;stica e Desenvolvimento humano","publisher":{"@id":"https:\/\/loggikka.com\/#organization"},"potentialAction":[{"@type":"SearchAction","target":{"@type":"EntryPoint","urlTemplate":"https:\/\/loggikka.com\/?s={search_term_string}"},"query-input":"required name=search_term_string"}],"inLanguage":"en-US"},{"@type":"Organization","@id":"https:\/\/loggikka.com\/#organization","name":"Loggikka","url":"https:\/\/loggikka.com\/","logo":{"@type":"ImageObject","inLanguage":"en-US","@id":"https:\/\/loggikka.com\/#\/schema\/logo\/image\/","url":"https:\/\/loggikka.com\/wp-content\/uploads\/2020\/01\/somos_loggikka.png","contentUrl":"https:\/\/loggikka.com\/wp-content\/uploads\/2020\/01\/somos_loggikka.png","width":667,"height":251,"caption":"Loggikka"},"image":{"@id":"https:\/\/loggikka.com\/#\/schema\/logo\/image\/"},"sameAs":["https:\/\/www.facebook.com\/loggikka\/","https:\/\/www.instagram.com\/loggikka\/","https:\/\/www.linkedin.com\/company\/loggikka\/"]}]}},"_links":{"self":[{"href":"https:\/\/loggikka.com\/en\/wp-json\/wp\/v2\/pages\/19"}],"collection":[{"href":"https:\/\/loggikka.com\/en\/wp-json\/wp\/v2\/pages"}],"about":[{"href":"https:\/\/loggikka.com\/en\/wp-json\/wp\/v2\/types\/page"}],"author":[{"embeddable":true,"href":"https:\/\/loggikka.com\/en\/wp-json\/wp\/v2\/users\/1"}],"replies":[{"embeddable":true,"href":"https:\/\/loggikka.com\/en\/wp-json\/wp\/v2\/comments?post=19"}],"version-history":[{"count":5,"href":"https:\/\/loggikka.com\/en\/wp-json\/wp\/v2\/pages\/19\/revisions"}],"predecessor-version":[{"id":670,"href":"https:\/\/loggikka.com\/en\/wp-json\/wp\/v2\/pages\/19\/revisions\/670"}],"wp:attachment":[{"href":"https:\/\/loggikka.com\/en\/wp-json\/wp\/v2\/media?parent=19"}],"curies":[{"name":"wp","href":"https:\/\/api.w.org\/{rel}","templated":true}]}}