{"id":332,"date":"2019-10-11T14:13:33","date_gmt":"2019-10-11T14:13:33","guid":{"rendered":"https:\/\/themes.muffingroup.com\/be\/steak2\/?page_id=2"},"modified":"2023-07-18T16:19:29","modified_gmt":"2023-07-18T16:19:29","slug":"loggikka","status":"publish","type":"page","link":"https:\/\/loggikka.com\/en\/","title":{"rendered":"loggikka &#8211; Home"},"content":{"rendered":"<p>loggikka &#8211; A Inspira\u00e7\u00e3o faz parte de nosso dia, portanto, pensar diferente e de forma simples!<br>A Loggikka \u00e9 formada por profissionais com mais de 20 anos de experi\u00eancia em grandes multinacionais, com isso, queremos levar o profissionalismo de forma inovadora, pensando em solu\u00e7\u00f5es que sejam simples e, dessa forma, tragam resultados eficientes.<br>a empresa oferece, portanto, a logistica e inova\u00e7\u00e3o.<br>Somos um neg\u00f3cio diferenciado, com isso, inovador.<br>uma empresa com pegada l\u00f3gica, portanto, diferenciada.<br>Nosso time oferece uma s\u00e9rie de solu\u00e7\u00f5es que podem ajudar no crescimento da sua empresa, portanto, melhor coloca\u00e7\u00e3o.<\/p>\n<p>Precisando de uma ajuda personalizada, portanto, oferecemos um trabalho diferenciado!<br>Com um modelo diferente, contamos com um time de profissionais altamente experientes que podem entender a necessidade do seu neg\u00f3cio e, assim, propor solu\u00e7\u00f5es inovadoras, assim, com nosso conceito de LCHP (Low Cost &amp; High Performance).<br>Voc\u00ea tem mais de 40 anos? Possui experi\u00eancia e tem paix\u00e3o em, dessa forma, compartilhar conhecimento? portanto, oferecemos diferen\u00e7as.<\/p>\n<p>Seja nosso parceiro de neg\u00f3cios, assim, podemos fazer mais.<\/p>\n<p>Pensando em aproximar estudantes e suas solu\u00e7\u00f5es inovadoras de uma aplica\u00e7\u00e3o real, por isso, criamos a acad\u00eamia loggikka.<br>somos diferentes, com isso, ajudamos seu neg\u00f3cio.<br>o que faz a diferen\u00e7a, portanto, \u00e9 o time diferenciado<br>portanto,<br>por isso,<br>com isso,<br>assim,<br>portanto,<br>dessa forma,<\/p>\n\n\n<p>Heading<br><\/p>\n\n\n\n<h2 class=\"wp-block-heading\"><br>Inspira\u00e7\u00e3o faz parte <br>de nosso dia-a-dia, \u00e9 pensar  <br>diferente e de forma <br>simples !   <br><\/h2>\n\n\n\n<h6 class=\"wp-block-heading\">A Loggikka \u00e9 formada por profissionais com mais de 20 anos de experi\u00eancia em grandes multinacionais, n\u00f3s queremos levar o profissionalismo de forma inovadora, pensando em solu\u00e7\u00f5es que sejam simples e, assim, tragam resultados eficientes. <br><\/h6>\n\n\n\n<h2 class=\"wp-block-heading\">Loggikka Solutions<\/h2>\n\n\n\n<h3 class=\"wp-block-heading\">Loggikka Consultoria em Log\u00edstica, Supply Chain, Redu\u00e7\u00e3o de Custos<\/h3>\n\n\n\n<h6 class=\"wp-block-heading\">Our team offers a series of solutions that can help your company grow<\/h6>\n\n\n\n<figure class=\"wp-block-image\"><img decoding=\"async\" src=\"https:\/\/loggikka.com\/wp-content\/uploads\/2020\/01\/IMG_SERVICES.jpg\" alt=\"\"\/><\/figure>\n\n\n\n<p>HUMAN DEVELOPMENT<br><a href=\"https:\/\/loggikka.com\/en\/solucoes-2\/\">https:\/\/loggikka.com\/solucoes-2<\/a><\/p>\n\n\n\n<p><\/p>\n\n\n\n<figure class=\"wp-block-image\"><img decoding=\"async\" src=\"https:\/\/loggikka.com\/wp-content\/uploads\/2020\/01\/IMG_SERVICES_2.jpg\" alt=\"\"\/><\/figure>\n\n\n\n<p>LEARNINGEXPERIENCES<br><a href=\"https:\/\/loggikka.com\/en\/solucoes-2\/\">https:\/\/loggikka.com\/solucoes-2<\/a><\/p>\n\n\n\n<p>Heading<br><\/p>\n\n\n\n<h2 class=\"wp-block-heading\">Looking for <br>personalized <br>help?<\/h2>\n\n\n\n<h6 class=\"wp-block-heading\">Com um modelo diferente, contamos com um time de profissionais altamente experientes que podem entender a necessidade do seu neg\u00f3cio e propor solu\u00e7\u00f5es inovadoras com nosso conceito de LCHP (Low Cost &amp; High Performance). <br><\/h6>\n\n\n\n<h1 class=\"wp-block-heading\">Initiatives +<\/h1>\n\n\n\n<p>center<br>no-repeat;left top;;<br>auto<\/p>\n\n\n\n<p><\/p>\n\n\n\n<figure class=\"wp-block-image\"><img decoding=\"async\" src=\"https:\/\/loggikka.com\/wp-content\/uploads\/2020\/01\/icon_loggikka_iniciativas_01.png\" alt=\"\"\/><\/figure>\n\n\n\n<p>large<br>center<\/p>\n\n\n\n<p><\/p>\n\n\n\n<h3 class=\"wp-block-heading\">Loggikka 40+<\/h3>\n\n\n\n<p>Voc\u00ea tem mais de 40 anos? <br>Possui experi\u00eancia e tem paix\u00e3o <br>em compartilhar conhecimento? <br><br>Be our business partner. <br><\/p>\n\n\n\n<figure class=\"wp-block-image\"><img decoding=\"async\" src=\"https:\/\/loggikka.com\/wp-content\/uploads\/2020\/01\/icon_loggikka_iniciativas_02.png\" alt=\"\"\/><\/figure>\n\n\n\n<p>large<br>center<\/p>\n\n\n\n<p><\/p>\n\n\n\n<h3 class=\"wp-block-heading\">Lab+<\/h3>\n\n\n\n<p>If you have an idea or project and need support to develop and implement it, we can help. <br><\/p>\n\n\n\n<p><\/p>\n\n\n\n<figure class=\"wp-block-image\"><img decoding=\"async\" src=\"https:\/\/loggikka.com\/wp-content\/uploads\/2020\/01\/icon_loggikka_iniciativas_03.png\" alt=\"\"\/><\/figure>\n\n\n\n<p>large<br>center<\/p>\n\n\n\n<p>ACD+ <br><br>Pensando em aproximar estudantes e suas solu\u00e7\u00f5es inovadoras de uma aplica\u00e7\u00e3o real, criamos a acad\u00eamia. <br><br><\/p>\n\n\n\n<h2 class=\"wp-block-heading\">Clientes &amp; Parceiros<\/h2>\n\n\n\n<p><a href=\"https:\/\/www.linkedin.com\/company\/loggikka\/\">https:\/\/www.linkedin.com\/company\/loggikka\/<\/a><\/p>\n\n\n\n<p><br><br><\/p>","protected":false},"excerpt":{"rendered":"<p>A Loggikka \u00e9 formada por profissionais experientes que buscam inova\u00e7\u00e3o, pensando em solu\u00e7\u00f5es que sejam simples e tragam resultados eficientes.<\/p>","protected":false},"author":1,"featured_media":394,"parent":0,"menu_order":0,"comment_status":"closed","ping_status":"open","template":"","meta":{"_mi_skip_tracking":false,"_exactmetrics_sitenote_active":false,"_exactmetrics_sitenote_note":"","_exactmetrics_sitenote_category":0},"yoast_head":"<!-- This site is optimized with the Yoast SEO plugin v20.11 - https:\/\/yoast.com\/wordpress\/plugins\/seo\/ -->\n<title>Loggikka Consultoria em Log\u00edstica, Supply Chain, Redu\u00e7\u00e3o de Custos<\/title>\n<meta name=\"description\" content=\"A Loggikka \u00e9 formada por profissionais experientes que buscam inova\u00e7\u00e3o, pensando em solu\u00e7\u00f5es que sejam simples e tragam resultados eficientes.\" \/>\n<meta name=\"robots\" content=\"index, follow, max-snippet:-1, max-image-preview:large, max-video-preview:-1\" \/>\n<link rel=\"canonical\" href=\"https:\/\/loggikka.com\/en\/\" \/>\n<meta property=\"og:locale\" content=\"en_US\" \/>\n<meta property=\"og:type\" content=\"article\" \/>\n<meta property=\"og:title\" content=\"Loggikka Consultoria em Log\u00edstica, Supply Chain, Redu\u00e7\u00e3o de Custos\" \/>\n<meta property=\"og:description\" content=\"A Loggikka \u00e9 formada por profissionais experientes que buscam inova\u00e7\u00e3o, pensando em solu\u00e7\u00f5es que sejam simples e tragam resultados eficientes.\" \/>\n<meta property=\"og:url\" content=\"https:\/\/loggikka.com\/en\/\" \/>\n<meta property=\"og:site_name\" content=\"Loggikka\" \/>\n<meta property=\"article:publisher\" content=\"https:\/\/www.facebook.com\/loggikka\/\" \/>\n<meta property=\"article:modified_time\" content=\"2023-07-18T16:19:29+00:00\" \/>\n<meta property=\"og:image\" content=\"https:\/\/loggikka.com\/wp-content\/uploads\/2020\/01\/site_loggikka_banner_ini.png\" \/>\n\t<meta property=\"og:image:width\" content=\"1238\" \/>\n\t<meta property=\"og:image:height\" content=\"614\" \/>\n\t<meta property=\"og:image:type\" content=\"image\/png\" \/>\n<meta name=\"twitter:card\" content=\"summary_large_image\" \/>\n<meta name=\"twitter:label1\" content=\"Est. reading time\" \/>\n\t<meta name=\"twitter:data1\" content=\"4 minutes\" \/>\n<script type=\"application\/ld+json\" class=\"yoast-schema-graph\">{\"@context\":\"https:\/\/schema.org\",\"@graph\":[{\"@type\":\"WebPage\",\"@id\":\"https:\/\/loggikka.com\/\",\"url\":\"https:\/\/loggikka.com\/\",\"name\":\"Loggikka Consultoria em Log\u00edstica, Supply Chain, Redu\u00e7\u00e3o de Custos\",\"isPartOf\":{\"@id\":\"https:\/\/loggikka.com\/#website\"},\"datePublished\":\"2019-10-11T14:13:33+00:00\",\"dateModified\":\"2023-07-18T16:19:29+00:00\",\"description\":\"A Loggikka \u00e9 formada por profissionais experientes que buscam inova\u00e7\u00e3o, pensando em solu\u00e7\u00f5es que sejam simples e tragam resultados eficientes.\",\"breadcrumb\":{\"@id\":\"https:\/\/loggikka.com\/#breadcrumb\"},\"inLanguage\":\"en-US\",\"potentialAction\":[{\"@type\":\"ReadAction\",\"target\":[\"https:\/\/loggikka.com\/\"]}]},{\"@type\":\"BreadcrumbList\",\"@id\":\"https:\/\/loggikka.com\/#breadcrumb\",\"itemListElement\":[{\"@type\":\"ListItem\",\"position\":1,\"name\":\"In\u00edcio\",\"item\":\"https:\/\/loggikka.com\/\"},{\"@type\":\"ListItem\",\"position\":2,\"name\":\"loggikka &#8211; Home\"}]},{\"@type\":\"WebSite\",\"@id\":\"https:\/\/loggikka.com\/#website\",\"url\":\"https:\/\/loggikka.com\/\",\"name\":\"Loggikka\",\"description\":\"Inova&ccedil;&atilde;o em Log&iacute;stica e Desenvolvimento humano\",\"publisher\":{\"@id\":\"https:\/\/loggikka.com\/#organization\"},\"potentialAction\":[{\"@type\":\"SearchAction\",\"target\":{\"@type\":\"EntryPoint\",\"urlTemplate\":\"https:\/\/loggikka.com\/?s={search_term_string}\"},\"query-input\":\"required name=search_term_string\"}],\"inLanguage\":\"en-US\"},{\"@type\":\"Organization\",\"@id\":\"https:\/\/loggikka.com\/#organization\",\"name\":\"Loggikka\",\"url\":\"https:\/\/loggikka.com\/\",\"logo\":{\"@type\":\"ImageObject\",\"inLanguage\":\"en-US\",\"@id\":\"https:\/\/loggikka.com\/#\/schema\/logo\/image\/\",\"url\":\"https:\/\/loggikka.com\/wp-content\/uploads\/2020\/01\/somos_loggikka.png\",\"contentUrl\":\"https:\/\/loggikka.com\/wp-content\/uploads\/2020\/01\/somos_loggikka.png\",\"width\":667,\"height\":251,\"caption\":\"Loggikka\"},\"image\":{\"@id\":\"https:\/\/loggikka.com\/#\/schema\/logo\/image\/\"},\"sameAs\":[\"https:\/\/www.facebook.com\/loggikka\/\",\"https:\/\/www.instagram.com\/loggikka\/\",\"https:\/\/www.linkedin.com\/company\/loggikka\/\"]}]}<\/script>\n<!-- \/ Yoast SEO plugin. -->","yoast_head_json":{"title":"Loggikka Consultoria em Log\u00edstica, Supply Chain, Redu\u00e7\u00e3o de Custos","description":"A Loggikka \u00e9 formada por profissionais experientes que buscam inova\u00e7\u00e3o, pensando em solu\u00e7\u00f5es que sejam simples e tragam resultados eficientes.","robots":{"index":"index","follow":"follow","max-snippet":"max-snippet:-1","max-image-preview":"max-image-preview:large","max-video-preview":"max-video-preview:-1"},"canonical":"https:\/\/loggikka.com\/en\/","og_locale":"en_US","og_type":"article","og_title":"Loggikka Consultoria em Log\u00edstica, Supply Chain, Redu\u00e7\u00e3o de Custos","og_description":"A Loggikka \u00e9 formada por profissionais experientes que buscam inova\u00e7\u00e3o, pensando em solu\u00e7\u00f5es que sejam simples e tragam resultados eficientes.","og_url":"https:\/\/loggikka.com\/en\/","og_site_name":"Loggikka","article_publisher":"https:\/\/www.facebook.com\/loggikka\/","article_modified_time":"2023-07-18T16:19:29+00:00","og_image":[{"width":1238,"height":614,"url":"https:\/\/loggikka.com\/wp-content\/uploads\/2020\/01\/site_loggikka_banner_ini.png","type":"image\/png"}],"twitter_card":"summary_large_image","twitter_misc":{"Est. reading time":"4 minutes"},"schema":{"@context":"https:\/\/schema.org","@graph":[{"@type":"WebPage","@id":"https:\/\/loggikka.com\/","url":"https:\/\/loggikka.com\/","name":"Loggikka Consultoria em Log\u00edstica, Supply Chain, Redu\u00e7\u00e3o de Custos","isPartOf":{"@id":"https:\/\/loggikka.com\/#website"},"datePublished":"2019-10-11T14:13:33+00:00","dateModified":"2023-07-18T16:19:29+00:00","description":"A Loggikka \u00e9 formada por profissionais experientes que buscam inova\u00e7\u00e3o, pensando em solu\u00e7\u00f5es que sejam simples e tragam resultados eficientes.","breadcrumb":{"@id":"https:\/\/loggikka.com\/#breadcrumb"},"inLanguage":"en-US","potentialAction":[{"@type":"ReadAction","target":["https:\/\/loggikka.com\/"]}]},{"@type":"BreadcrumbList","@id":"https:\/\/loggikka.com\/#breadcrumb","itemListElement":[{"@type":"ListItem","position":1,"name":"In\u00edcio","item":"https:\/\/loggikka.com\/"},{"@type":"ListItem","position":2,"name":"loggikka &#8211; Home"}]},{"@type":"WebSite","@id":"https:\/\/loggikka.com\/#website","url":"https:\/\/loggikka.com\/","name":"Loggikka","description":"Inova&ccedil;&atilde;o em Log&iacute;stica e Desenvolvimento humano","publisher":{"@id":"https:\/\/loggikka.com\/#organization"},"potentialAction":[{"@type":"SearchAction","target":{"@type":"EntryPoint","urlTemplate":"https:\/\/loggikka.com\/?s={search_term_string}"},"query-input":"required name=search_term_string"}],"inLanguage":"en-US"},{"@type":"Organization","@id":"https:\/\/loggikka.com\/#organization","name":"Loggikka","url":"https:\/\/loggikka.com\/","logo":{"@type":"ImageObject","inLanguage":"en-US","@id":"https:\/\/loggikka.com\/#\/schema\/logo\/image\/","url":"https:\/\/loggikka.com\/wp-content\/uploads\/2020\/01\/somos_loggikka.png","contentUrl":"https:\/\/loggikka.com\/wp-content\/uploads\/2020\/01\/somos_loggikka.png","width":667,"height":251,"caption":"Loggikka"},"image":{"@id":"https:\/\/loggikka.com\/#\/schema\/logo\/image\/"},"sameAs":["https:\/\/www.facebook.com\/loggikka\/","https:\/\/www.instagram.com\/loggikka\/","https:\/\/www.linkedin.com\/company\/loggikka\/"]}]}},"_links":{"self":[{"href":"https:\/\/loggikka.com\/en\/wp-json\/wp\/v2\/pages\/332"}],"collection":[{"href":"https:\/\/loggikka.com\/en\/wp-json\/wp\/v2\/pages"}],"about":[{"href":"https:\/\/loggikka.com\/en\/wp-json\/wp\/v2\/types\/page"}],"author":[{"embeddable":true,"href":"https:\/\/loggikka.com\/en\/wp-json\/wp\/v2\/users\/1"}],"replies":[{"embeddable":true,"href":"https:\/\/loggikka.com\/en\/wp-json\/wp\/v2\/comments?post=332"}],"version-history":[{"count":31,"href":"https:\/\/loggikka.com\/en\/wp-json\/wp\/v2\/pages\/332\/revisions"}],"predecessor-version":[{"id":1060,"href":"https:\/\/loggikka.com\/en\/wp-json\/wp\/v2\/pages\/332\/revisions\/1060"}],"wp:featuredmedia":[{"embeddable":true,"href":"https:\/\/loggikka.com\/en\/wp-json\/wp\/v2\/media\/394"}],"wp:attachment":[{"href":"https:\/\/loggikka.com\/en\/wp-json\/wp\/v2\/media?parent=332"}],"curies":[{"name":"wp","href":"https:\/\/api.w.org\/{rel}","templated":true}]}}