{"id":388,"date":"2020-01-06T20:07:24","date_gmt":"2020-01-06T20:07:24","guid":{"rendered":"https:\/\/loggikka.com.br\/?page_id=388"},"modified":"2020-02-16T12:35:29","modified_gmt":"2020-02-16T12:35:29","slug":"iniciativas","status":"publish","type":"page","link":"https:\/\/loggikka.com\/en\/iniciativas\/","title":{"rendered":"Iniciativas"},"content":{"rendered":"<p>40<br \/>\ndefault<\/p>\n<p><img decoding=\"async\" src=\"https:\/\/loggikka.com\/wp-content\/uploads\/2020\/01\/site_loggikka_ini_01.png\" alt=\"\" \/><\/p>\n<p>Heading<\/p>\n<h2>Loggikka 40 +<\/h2>\n<p><hr class=\"no_line\" style=\"margin:0 auto 0px\"\/>\n<br \/>\nO Loggikka 40+ \u00e9 um projeto pensado para profissionais com mais de<br \/>\n40 anos e que possuem experi\u00eancia e paix\u00e3o por inovar e compartilhar<br \/>\nconhecimento.<br \/>\n<hr class=\"no_line\" style=\"margin:0 auto 0px\"\/>\n<br \/>\nNessa iniciativa, buscamos profissionais com caracter\u00edsticas espec\u00edficas<br \/>\ne oferecemos projetos, como parceiros de neg\u00f3cios para que esses<br \/>\nprofissionais, possam se recolocar no mercado de trabalho.<br \/>\n<hr class=\"no_line\" style=\"margin:0 auto 0px\"\/>\n<br \/>\nAcredita que pode contribuir efetivamente para a melhoria cont\u00ednua de<br \/>\nprocessos e pessoas?<br \/>\n<hr class=\"no_line\" style=\"margin:0 auto 0px\"\/>\n<br \/>\nBe our business partner.<\/p>\n<hr class=\"no_line\" style=\"margin:0 auto 0px\"\/>\n\n<p><a class=\"button  button_size_2 button_js\" href=\"\"    ><span class=\"button_label\">Button<\/span><\/a>\n<br \/>\nleft<br \/>\nno-repeat;left top;;<br \/>\nauto<\/p>\n<p>https:\/\/www.linkedin.com\/company\/loggikka\/<\/p>\n<p><a href=\"https:\/\/loggikka.com\/en\/contato\/\">https:\/\/loggikka.com\/contato\/<\/a><\/p>\n<blockquote class=\"wp-embedded-content\" data-secret=\"kj46ybfiT4\"><p><a href=\"https:\/\/loggikka.com\/en\/contato\/\">Contato<\/a><\/p><\/blockquote>\n<p><iframe title=\"&#8220;Contato&#8221; &#8212; Loggikka\" class=\"wp-embedded-content\" sandbox=\"allow-scripts\" security=\"restricted\" style=\"position: absolute; clip: rect(1px, 1px, 1px, 1px);\" src=\"https:\/\/loggikka.com\/contato\/embed\/#?secret=kj46ybfiT4\" data-secret=\"kj46ybfiT4\" width=\"600\" height=\"338\" frameborder=\"0\" marginwidth=\"0\" marginheight=\"0\" scrolling=\"no\"><\/iframe><\/p>\n<p>35<br \/>\ndefault<\/p>\n<p><img decoding=\"async\" src=\"https:\/\/loggikka.com\/wp-content\/uploads\/2020\/01\/site_loggikka_ini_02.png\" alt=\"\" \/><\/p>\n<p>Heading<\/p>\n<h2>Loggikka Lab +<\/h2>\n<p><hr class=\"no_line\" style=\"margin:0 auto 0px\"\/>\n<br \/>\nLoggikka Lab + is designed for professionals who are developing a specific innovation project and need support for implementation. More than just mentoring, our initiative provides an experienced team and an inspiring and prepared environment so that you can innovate together with us.<\/p>\n<hr class=\"no_line\" style=\"margin:0 auto 0px\"\/>\n\n<p>If you have an innovative project or want to undertake it, get in touch and introduce it to our team .. it will be a pleasure to help with your idea.<\/p>\n<hr class=\"no_line\" style=\"margin:0 auto 0px\"\/>\n\n<p><a class=\"button  button_size_2 button_js\" href=\"\"    ><span class=\"button_label\">Button<\/span><\/a>\n<br \/>\nleft<br \/>\nno-repeat;left top;;<br \/>\nauto<\/p>\n<p>30<br \/>\ndefault<\/p>\n<p><img decoding=\"async\" src=\"https:\/\/loggikka.com\/wp-content\/uploads\/2020\/01\/site_loggikka_ini_03.png\" alt=\"\" \/><\/p>\n<p>Heading<\/p>\n<h2>Loggikka ACD +<\/h2>\n<p><hr class=\"no_line\" style=\"margin:0 auto 0px\"\/>\n<br \/>\nThinking about bringing students and their innovative solutions closer to a real application, we created the Loggikka academy.<br \/>\n<hr class=\"no_line\" style=\"margin:0 auto 0px\"\/>\n<br \/>\nOur proposal is to create a bank of solutions, in the public domain, for sharing ideas and Network between talents and organizations.<\/p>\n<hr class=\"no_line\" style=\"margin:0 auto 0px\"\/>\n\n<p><a class=\"button  button_size_2 button_js\" href=\"\"    ><span class=\"button_label\">Button<\/span><\/a>\n<br \/>\nleft<br \/>\nno-repeat;left top;;<br \/>\nauto<\/p>\n<h2>Fale conosco\\&#8221; link=\\&#8221;https:\/\/loggikka.com\/contato\\<\/h2>\n<p>https:\/\/www.linkedin.com\/company\/loggikka\/<\/p>","protected":false},"excerpt":{"rendered":"<p>40 default Heading Loggikka 40 + O Loggikka 40+ \u00e9 um projeto pensado para profissionais com mais de 40 anos e que possuem experi\u00eancia e paix\u00e3o<span class=\"excerpt-hellip\"> [\u2026]<\/span><\/p>","protected":false},"author":1,"featured_media":384,"parent":0,"menu_order":0,"comment_status":"closed","ping_status":"closed","template":"","meta":{"_mi_skip_tracking":false,"_exactmetrics_sitenote_active":false,"_exactmetrics_sitenote_note":"","_exactmetrics_sitenote_category":0},"yoast_head":"<!-- This site is optimized with the Yoast SEO plugin v20.11 - https:\/\/yoast.com\/wordpress\/plugins\/seo\/ -->\n<title>Iniciativas Loggikka - Nossas a\u00e7\u00f5es para o mercado<\/title>\n<meta name=\"description\" content=\"Conhe\u00e7as as iniciativas do time Loggikka para o mercado: Loggikka 40 +, Loggikka Lab +, Loggikka ACD +. Nossas solu\u00e7\u00f5es s\u00e3o inovadoras, conhe\u00e7a.\" \/>\n<meta name=\"robots\" content=\"index, follow, max-snippet:-1, max-image-preview:large, max-video-preview:-1\" \/>\n<link rel=\"canonical\" href=\"https:\/\/loggikka.com\/en\/iniciativas\/\" \/>\n<meta property=\"og:locale\" content=\"en_US\" \/>\n<meta property=\"og:type\" content=\"article\" \/>\n<meta property=\"og:title\" content=\"Iniciativas Loggikka - Nossas a\u00e7\u00f5es para o mercado\" \/>\n<meta property=\"og:description\" content=\"Conhe\u00e7as as iniciativas do time Loggikka para o mercado: Loggikka 40 +, Loggikka Lab +, Loggikka ACD +. Nossas solu\u00e7\u00f5es s\u00e3o inovadoras, conhe\u00e7a.\" \/>\n<meta property=\"og:url\" content=\"https:\/\/loggikka.com\/en\/iniciativas\/\" \/>\n<meta property=\"og:site_name\" content=\"Loggikka\" \/>\n<meta property=\"article:publisher\" content=\"https:\/\/www.facebook.com\/loggikka\/\" \/>\n<meta property=\"article:modified_time\" content=\"2020-02-16T12:35:29+00:00\" \/>\n<meta property=\"og:image\" content=\"https:\/\/loggikka.com\/wp-content\/uploads\/2020\/01\/site_loggikka_banner_sobre.png\" \/>\n\t<meta property=\"og:image:width\" content=\"1238\" \/>\n\t<meta property=\"og:image:height\" content=\"614\" \/>\n\t<meta property=\"og:image:type\" content=\"image\/png\" \/>\n<meta name=\"twitter:card\" content=\"summary_large_image\" \/>\n<meta name=\"twitter:label1\" content=\"Est. reading time\" \/>\n\t<meta name=\"twitter:data1\" content=\"2 minutes\" \/>\n<script type=\"application\/ld+json\" class=\"yoast-schema-graph\">{\"@context\":\"https:\/\/schema.org\",\"@graph\":[{\"@type\":\"WebPage\",\"@id\":\"https:\/\/loggikka.com\/iniciativas\/\",\"url\":\"https:\/\/loggikka.com\/iniciativas\/\",\"name\":\"Iniciativas Loggikka - Nossas a\u00e7\u00f5es para o mercado\",\"isPartOf\":{\"@id\":\"https:\/\/loggikka.com\/#website\"},\"datePublished\":\"2020-01-06T20:07:24+00:00\",\"dateModified\":\"2020-02-16T12:35:29+00:00\",\"description\":\"Conhe\u00e7as as iniciativas do time Loggikka para o mercado: Loggikka 40 +, Loggikka Lab +, Loggikka ACD +. Nossas solu\u00e7\u00f5es s\u00e3o inovadoras, conhe\u00e7a.\",\"breadcrumb\":{\"@id\":\"https:\/\/loggikka.com\/iniciativas\/#breadcrumb\"},\"inLanguage\":\"en-US\",\"potentialAction\":[{\"@type\":\"ReadAction\",\"target\":[\"https:\/\/loggikka.com\/iniciativas\/\"]}]},{\"@type\":\"BreadcrumbList\",\"@id\":\"https:\/\/loggikka.com\/iniciativas\/#breadcrumb\",\"itemListElement\":[{\"@type\":\"ListItem\",\"position\":1,\"name\":\"In\u00edcio\",\"item\":\"https:\/\/loggikka.com\/\"},{\"@type\":\"ListItem\",\"position\":2,\"name\":\"Iniciativas\"}]},{\"@type\":\"WebSite\",\"@id\":\"https:\/\/loggikka.com\/#website\",\"url\":\"https:\/\/loggikka.com\/\",\"name\":\"Loggikka\",\"description\":\"Inova&ccedil;&atilde;o em Log&iacute;stica e Desenvolvimento humano\",\"publisher\":{\"@id\":\"https:\/\/loggikka.com\/#organization\"},\"potentialAction\":[{\"@type\":\"SearchAction\",\"target\":{\"@type\":\"EntryPoint\",\"urlTemplate\":\"https:\/\/loggikka.com\/?s={search_term_string}\"},\"query-input\":\"required name=search_term_string\"}],\"inLanguage\":\"en-US\"},{\"@type\":\"Organization\",\"@id\":\"https:\/\/loggikka.com\/#organization\",\"name\":\"Loggikka\",\"url\":\"https:\/\/loggikka.com\/\",\"logo\":{\"@type\":\"ImageObject\",\"inLanguage\":\"en-US\",\"@id\":\"https:\/\/loggikka.com\/#\/schema\/logo\/image\/\",\"url\":\"https:\/\/loggikka.com\/wp-content\/uploads\/2020\/01\/somos_loggikka.png\",\"contentUrl\":\"https:\/\/loggikka.com\/wp-content\/uploads\/2020\/01\/somos_loggikka.png\",\"width\":667,\"height\":251,\"caption\":\"Loggikka\"},\"image\":{\"@id\":\"https:\/\/loggikka.com\/#\/schema\/logo\/image\/\"},\"sameAs\":[\"https:\/\/www.facebook.com\/loggikka\/\",\"https:\/\/www.instagram.com\/loggikka\/\",\"https:\/\/www.linkedin.com\/company\/loggikka\/\"]}]}<\/script>\n<!-- \/ Yoast SEO plugin. -->","yoast_head_json":{"title":"Iniciativas Loggikka - Nossas a\u00e7\u00f5es para o mercado","description":"Conhe\u00e7as as iniciativas do time Loggikka para o mercado: Loggikka 40 +, Loggikka Lab +, Loggikka ACD +. Nossas solu\u00e7\u00f5es s\u00e3o inovadoras, conhe\u00e7a.","robots":{"index":"index","follow":"follow","max-snippet":"max-snippet:-1","max-image-preview":"max-image-preview:large","max-video-preview":"max-video-preview:-1"},"canonical":"https:\/\/loggikka.com\/en\/iniciativas\/","og_locale":"en_US","og_type":"article","og_title":"Iniciativas Loggikka - Nossas a\u00e7\u00f5es para o mercado","og_description":"Conhe\u00e7as as iniciativas do time Loggikka para o mercado: Loggikka 40 +, Loggikka Lab +, Loggikka ACD +. Nossas solu\u00e7\u00f5es s\u00e3o inovadoras, conhe\u00e7a.","og_url":"https:\/\/loggikka.com\/en\/iniciativas\/","og_site_name":"Loggikka","article_publisher":"https:\/\/www.facebook.com\/loggikka\/","article_modified_time":"2020-02-16T12:35:29+00:00","og_image":[{"width":1238,"height":614,"url":"https:\/\/loggikka.com\/wp-content\/uploads\/2020\/01\/site_loggikka_banner_sobre.png","type":"image\/png"}],"twitter_card":"summary_large_image","twitter_misc":{"Est. reading time":"2 minutes"},"schema":{"@context":"https:\/\/schema.org","@graph":[{"@type":"WebPage","@id":"https:\/\/loggikka.com\/iniciativas\/","url":"https:\/\/loggikka.com\/iniciativas\/","name":"Iniciativas Loggikka - Nossas a\u00e7\u00f5es para o mercado","isPartOf":{"@id":"https:\/\/loggikka.com\/#website"},"datePublished":"2020-01-06T20:07:24+00:00","dateModified":"2020-02-16T12:35:29+00:00","description":"Conhe\u00e7as as iniciativas do time Loggikka para o mercado: Loggikka 40 +, Loggikka Lab +, Loggikka ACD +. Nossas solu\u00e7\u00f5es s\u00e3o inovadoras, conhe\u00e7a.","breadcrumb":{"@id":"https:\/\/loggikka.com\/iniciativas\/#breadcrumb"},"inLanguage":"en-US","potentialAction":[{"@type":"ReadAction","target":["https:\/\/loggikka.com\/iniciativas\/"]}]},{"@type":"BreadcrumbList","@id":"https:\/\/loggikka.com\/iniciativas\/#breadcrumb","itemListElement":[{"@type":"ListItem","position":1,"name":"In\u00edcio","item":"https:\/\/loggikka.com\/"},{"@type":"ListItem","position":2,"name":"Iniciativas"}]},{"@type":"WebSite","@id":"https:\/\/loggikka.com\/#website","url":"https:\/\/loggikka.com\/","name":"Loggikka","description":"Inova&ccedil;&atilde;o em Log&iacute;stica e Desenvolvimento humano","publisher":{"@id":"https:\/\/loggikka.com\/#organization"},"potentialAction":[{"@type":"SearchAction","target":{"@type":"EntryPoint","urlTemplate":"https:\/\/loggikka.com\/?s={search_term_string}"},"query-input":"required name=search_term_string"}],"inLanguage":"en-US"},{"@type":"Organization","@id":"https:\/\/loggikka.com\/#organization","name":"Loggikka","url":"https:\/\/loggikka.com\/","logo":{"@type":"ImageObject","inLanguage":"en-US","@id":"https:\/\/loggikka.com\/#\/schema\/logo\/image\/","url":"https:\/\/loggikka.com\/wp-content\/uploads\/2020\/01\/somos_loggikka.png","contentUrl":"https:\/\/loggikka.com\/wp-content\/uploads\/2020\/01\/somos_loggikka.png","width":667,"height":251,"caption":"Loggikka"},"image":{"@id":"https:\/\/loggikka.com\/#\/schema\/logo\/image\/"},"sameAs":["https:\/\/www.facebook.com\/loggikka\/","https:\/\/www.instagram.com\/loggikka\/","https:\/\/www.linkedin.com\/company\/loggikka\/"]}]}},"_links":{"self":[{"href":"https:\/\/loggikka.com\/en\/wp-json\/wp\/v2\/pages\/388"}],"collection":[{"href":"https:\/\/loggikka.com\/en\/wp-json\/wp\/v2\/pages"}],"about":[{"href":"https:\/\/loggikka.com\/en\/wp-json\/wp\/v2\/types\/page"}],"author":[{"embeddable":true,"href":"https:\/\/loggikka.com\/en\/wp-json\/wp\/v2\/users\/1"}],"replies":[{"embeddable":true,"href":"https:\/\/loggikka.com\/en\/wp-json\/wp\/v2\/comments?post=388"}],"version-history":[{"count":8,"href":"https:\/\/loggikka.com\/en\/wp-json\/wp\/v2\/pages\/388\/revisions"}],"predecessor-version":[{"id":606,"href":"https:\/\/loggikka.com\/en\/wp-json\/wp\/v2\/pages\/388\/revisions\/606"}],"wp:featuredmedia":[{"embeddable":true,"href":"https:\/\/loggikka.com\/en\/wp-json\/wp\/v2\/media\/384"}],"wp:attachment":[{"href":"https:\/\/loggikka.com\/en\/wp-json\/wp\/v2\/media?parent=388"}],"curies":[{"name":"wp","href":"https:\/\/api.w.org\/{rel}","templated":true}]}}