{"id":401,"date":"2020-01-07T12:39:27","date_gmt":"2020-01-07T12:39:27","guid":{"rendered":"https:\/\/loggikka.com.br\/?page_id=401"},"modified":"2021-04-15T17:17:51","modified_gmt":"2021-04-15T17:17:51","slug":"logistica-e-operacoes","status":"publish","type":"page","link":"https:\/\/loggikka.com\/en\/logistica-e-operacoes\/","title":{"rendered":"Log\u00edstica"},"content":{"rendered":"<p>Heading<br><hr class=\"no_line\" style=\"margin:0 auto 0px\"\/>\n\r<br>\r<br><h3>\r<br>We solve your\r<br>necesidade\r<br>log\u00edstica de maneira\r<br>Loggikka e integral<\/h3><br>left<br>center<br>no-repeat;left top;;<br>auto<br><br>Desc<br><h6>Nosso modelo de neg\u00f3cio \u00e9 diferenciado e atua em\r<br>conjunto com sua equipe, desde a defini\u00e7\u00e3o, at\u00e9 a\r<br>estabiliza\u00e7\u00e3o da solu\u00e7\u00e3o.\r<br><hr class=\"no_line\" style=\"margin:0 auto 0px\"\/>\n\r<br>Contamos com profissionais altamente capacitados,\r<br>que, apoiados sempre no pensamento de inova\u00e7\u00e3o,\r<br>podem proporcionar grandes resultados para sua empresa.\r<br> <\/h6><br>left<br>center<br>no-repeat;left top;;<br>auto<br><br>Heading<br><hr class=\"no_line\" style=\"margin:0 auto 0px\"\/>\n\r<br>\r<br><h3>\r<br>Como podemos ajudar&#8230;<\/h3><br>center<br>center<br>no-repeat;left top;;<br>auto<br><br>15<br>default<br><br><img decoding=\"async\" src=\"https:\/\/loggikka.com\/wp-content\/uploads\/2020\/01\/vv-c\u00f3pia-11PNG.png\" alt=\"\" \/><br>large<br>center<br><br>Development, Implementation, Stabilization of new logistics projects.<br>center<br>center<br>no-repeat;left top;;<br>auto<br>margin-left: 10px;<br><br><img decoding=\"async\" src=\"https:\/\/loggikka.com\/wp-content\/uploads\/2020\/01\/vv-c\u00f3pia-6PNG7.png\" alt=\"\" \/><br>large<br>center<br><br>Elaboration of work scopes for quotations for outsourced services (internal logistics, external logistics, external trade).<br>center<br>center<br>no-repeat;left top;;<br>auto<br>margin-left: 10px;<br><br><img decoding=\"async\" src=\"https:\/\/loggikka.com\/wp-content\/uploads\/2020\/01\/vv-c\u00f3pia-5PNG.png\" alt=\"\" \/><br>large<br>center<br><br>Scope analysis and preparation of technical and commercial proposals for quotations.<br>center<br>center<br>no-repeat;left top;;<br>auto<br>margin-left: 10px;<br><br><img decoding=\"async\" src=\"https:\/\/loggikka.com\/wp-content\/uploads\/2020\/01\/vv-c\u00f3pia-7PNG.png\" alt=\"\" \/><br>large<br>center<br><br>An\u00e1lise de propostas t\u00e9cnicas para defini\u00e7\u00e3o de \\&#8221;sourcing\\&#8221;.<br>center<br>center<br>no-repeat;left top;;<br>auto<br>margin-left: 10px;<br><br><img decoding=\"async\" src=\"https:\/\/loggikka.com\/wp-content\/uploads\/2020\/01\/vv-c\u00f3pia-9PNG.png\" alt=\"\" \/><br>large<br>center<br><br>carrying out studies for cubing of packaging, containers and warehouses verticalization.<br>center<br>center<br>no-repeat;left top;;<br>auto<br>margin-left: 10px;<br><br><img decoding=\"async\" src=\"https:\/\/loggikka.com\/wp-content\/uploads\/2020\/01\/vv-c\u00f3pia-8PNG8.png\" alt=\"\" \/><br>large<br>center<br><br>redesign of operations and logistics processes.\r<br>\r<br><br>center<br>center<br>no-repeat;left top;;<br>auto<br>margin-left: 10px;<br><br><img decoding=\"async\" src=\"https:\/\/loggikka.com\/wp-content\/uploads\/2020\/01\/vv-c\u00f3pia-PROCESS.png\" alt=\"\" \/><br>large<br>center<br><br>Melhoria nos processos de planejamento e gerenciamento de demanda e invent\u00e1rio &#8211; S&amp;OP <br>center<br>center<br>no-repeat;left top;;<br>auto<br>margin-left: 10px;<br><br><img decoding=\"async\" src=\"https:\/\/loggikka.com\/wp-content\/uploads\/2020\/01\/vv-c\u00f3pia-10PNG.png\" alt=\"\" \/><br>large<br>center<br><br>Analysis and definition of the best logistical material flow (from source to point of use).\r<br><br>center<br>center<br>no-repeat;left top;;<br>auto<br>margin-left: 10px;<br><br>150<br>default<br><br><img decoding=\"async\" src=\"https:\/\/loggikka.com\/wp-content\/uploads\/2020\/01\/loggikka_simbolo.png\" alt=\"\" \/><br><br>10<br>default<br><br>15<br>default<br><br><img decoding=\"async\" src=\"https:\/\/loggikka.com\/wp-content\/uploads\/2020\/01\/vv-c\u00f3pia-13PNG.png\" alt=\"\" \/><br>large<br>center<br><br>Heading + desc<br><hr class=\"no_line\" style=\"margin:0 auto 0px\"\/>\n\r<br>\r<br><h5>Suporte para certifica\u00e7\u00e3o\r<br>OEA (Operador Econ\u00f4mico\r<br>Autorizado).<\/h5><br>left<br>center<br>no-repeat;left top;;<br>auto<br><br>15<br>default<br><br><img decoding=\"async\" src=\"https:\/\/loggikka.com\/wp-content\/uploads\/2020\/01\/vv-c\u00f3pia-14PNG.png\" alt=\"\" \/><br>large<br>center<br>20<br><br>Heading + desc<br><hr class=\"no_line\" style=\"margin:0 auto 0px\"\/>\n\r<br><h5>Assessoria em Log\u00edstica\r<br>para Startups<\/h5><br>left<br>center<br>no-repeat;left top;;<br>auto<br><br>10<br>default<br><br>15<br>default<br><br><img decoding=\"async\" src=\"https:\/\/loggikka.com\/wp-content\/uploads\/2020\/01\/compliance.png\" alt=\"\" \/><br>large<br>center<br><br>Heading + desc<br><hr class=\"no_line\" style=\"margin:0 auto 0px\"\/>\n\r<br>\r<br><h5>Corporate compliance<\/h5><br>left<br>center<br>no-repeat;left top;;<br>auto<br><br><\/p>","protected":false},"excerpt":{"rendered":"<p>Heading Solucionamos suas necessidades de log\u00edstica de maneira Loggikka e integral leftcenterno-repeat;left top;;auto Desc Nosso modelo de neg\u00f3cio \u00e9 diferenciado e atua em conjunto com sua<span class=\"excerpt-hellip\"> [\u2026]<\/span><\/p>","protected":false},"author":1,"featured_media":0,"parent":0,"menu_order":0,"comment_status":"closed","ping_status":"open","template":"","meta":{"_mi_skip_tracking":false,"_exactmetrics_sitenote_active":false,"_exactmetrics_sitenote_note":"","_exactmetrics_sitenote_category":0},"yoast_head":"<!-- This site is optimized with the Yoast SEO plugin v20.11 - https:\/\/yoast.com\/wordpress\/plugins\/seo\/ -->\n<title>Inova\u00e7\u00e3o em log\u00edstica e opera\u00e7\u00f5es - Loggikka Inova\u00e7\u00e3o em Servi\u00e7os<\/title>\n<meta name=\"description\" content=\"Solucionamos suas necessidades de log\u00edstica e opera\u00e7\u00f5es de maneira Loggikka e integral. Nosso modelo de neg\u00f3cio \u00e9 diferenciado e atua em conjunto com sua equipe.\" \/>\n<meta name=\"robots\" content=\"index, follow, max-snippet:-1, max-image-preview:large, max-video-preview:-1\" \/>\n<link rel=\"canonical\" href=\"https:\/\/loggikka.com\/en\/logistica-e-operacoes\/\" \/>\n<meta property=\"og:locale\" content=\"en_US\" \/>\n<meta property=\"og:type\" content=\"article\" \/>\n<meta property=\"og:title\" content=\"Inova\u00e7\u00e3o em log\u00edstica e opera\u00e7\u00f5es - Loggikka Inova\u00e7\u00e3o em Servi\u00e7os\" \/>\n<meta property=\"og:description\" content=\"Solucionamos suas necessidades de log\u00edstica e opera\u00e7\u00f5es de maneira Loggikka e integral. Nosso modelo de neg\u00f3cio \u00e9 diferenciado e atua em conjunto com sua equipe.\" \/>\n<meta property=\"og:url\" content=\"https:\/\/loggikka.com\/en\/logistica-e-operacoes\/\" \/>\n<meta property=\"og:site_name\" content=\"Loggikka\" \/>\n<meta property=\"article:publisher\" content=\"https:\/\/www.facebook.com\/loggikka\/\" \/>\n<meta property=\"article:modified_time\" content=\"2021-04-15T17:17:51+00:00\" \/>\n<meta property=\"og:image\" content=\"https:\/\/loggikka.com\/wp-content\/uploads\/2020\/01\/loggikka_simbolo.png\" \/>\n<meta name=\"twitter:card\" content=\"summary_large_image\" \/>\n<meta name=\"twitter:label1\" content=\"Est. reading time\" \/>\n\t<meta name=\"twitter:data1\" content=\"4 minutes\" \/>\n<script type=\"application\/ld+json\" class=\"yoast-schema-graph\">{\"@context\":\"https:\/\/schema.org\",\"@graph\":[{\"@type\":\"WebPage\",\"@id\":\"https:\/\/loggikka.com\/es\/logistica-e-operacoes\/\",\"url\":\"https:\/\/loggikka.com\/es\/logistica-e-operacoes\/\",\"name\":\"Inova\u00e7\u00e3o em log\u00edstica e opera\u00e7\u00f5es - Loggikka Inova\u00e7\u00e3o em Servi\u00e7os\",\"isPartOf\":{\"@id\":\"https:\/\/loggikka.com\/#website\"},\"datePublished\":\"2020-01-07T12:39:27+00:00\",\"dateModified\":\"2021-04-15T17:17:51+00:00\",\"description\":\"Solucionamos suas necessidades de log\u00edstica e opera\u00e7\u00f5es de maneira Loggikka e integral. Nosso modelo de neg\u00f3cio \u00e9 diferenciado e atua em conjunto com sua equipe.\",\"breadcrumb\":{\"@id\":\"https:\/\/loggikka.com\/es\/logistica-e-operacoes\/#breadcrumb\"},\"inLanguage\":\"en-US\",\"potentialAction\":[{\"@type\":\"ReadAction\",\"target\":[\"https:\/\/loggikka.com\/es\/logistica-e-operacoes\/\"]}]},{\"@type\":\"BreadcrumbList\",\"@id\":\"https:\/\/loggikka.com\/es\/logistica-e-operacoes\/#breadcrumb\",\"itemListElement\":[{\"@type\":\"ListItem\",\"position\":1,\"name\":\"In\u00edcio\",\"item\":\"https:\/\/loggikka.com\/\"},{\"@type\":\"ListItem\",\"position\":2,\"name\":\"Log\u00edstica\"}]},{\"@type\":\"WebSite\",\"@id\":\"https:\/\/loggikka.com\/#website\",\"url\":\"https:\/\/loggikka.com\/\",\"name\":\"Loggikka\",\"description\":\"Inova&ccedil;&atilde;o em Log&iacute;stica e Desenvolvimento humano\",\"publisher\":{\"@id\":\"https:\/\/loggikka.com\/#organization\"},\"potentialAction\":[{\"@type\":\"SearchAction\",\"target\":{\"@type\":\"EntryPoint\",\"urlTemplate\":\"https:\/\/loggikka.com\/?s={search_term_string}\"},\"query-input\":\"required name=search_term_string\"}],\"inLanguage\":\"en-US\"},{\"@type\":\"Organization\",\"@id\":\"https:\/\/loggikka.com\/#organization\",\"name\":\"Loggikka\",\"url\":\"https:\/\/loggikka.com\/\",\"logo\":{\"@type\":\"ImageObject\",\"inLanguage\":\"en-US\",\"@id\":\"https:\/\/loggikka.com\/#\/schema\/logo\/image\/\",\"url\":\"https:\/\/loggikka.com\/wp-content\/uploads\/2020\/01\/somos_loggikka.png\",\"contentUrl\":\"https:\/\/loggikka.com\/wp-content\/uploads\/2020\/01\/somos_loggikka.png\",\"width\":667,\"height\":251,\"caption\":\"Loggikka\"},\"image\":{\"@id\":\"https:\/\/loggikka.com\/#\/schema\/logo\/image\/\"},\"sameAs\":[\"https:\/\/www.facebook.com\/loggikka\/\",\"https:\/\/www.instagram.com\/loggikka\/\",\"https:\/\/www.linkedin.com\/company\/loggikka\/\"]}]}<\/script>\n<!-- \/ Yoast SEO plugin. -->","yoast_head_json":{"title":"Inova\u00e7\u00e3o em log\u00edstica e opera\u00e7\u00f5es - Loggikka Inova\u00e7\u00e3o em Servi\u00e7os","description":"Solucionamos suas necessidades de log\u00edstica e opera\u00e7\u00f5es de maneira Loggikka e integral. Nosso modelo de neg\u00f3cio \u00e9 diferenciado e atua em conjunto com sua equipe.","robots":{"index":"index","follow":"follow","max-snippet":"max-snippet:-1","max-image-preview":"max-image-preview:large","max-video-preview":"max-video-preview:-1"},"canonical":"https:\/\/loggikka.com\/en\/logistica-e-operacoes\/","og_locale":"en_US","og_type":"article","og_title":"Inova\u00e7\u00e3o em log\u00edstica e opera\u00e7\u00f5es - Loggikka Inova\u00e7\u00e3o em Servi\u00e7os","og_description":"Solucionamos suas necessidades de log\u00edstica e opera\u00e7\u00f5es de maneira Loggikka e integral. Nosso modelo de neg\u00f3cio \u00e9 diferenciado e atua em conjunto com sua equipe.","og_url":"https:\/\/loggikka.com\/en\/logistica-e-operacoes\/","og_site_name":"Loggikka","article_publisher":"https:\/\/www.facebook.com\/loggikka\/","article_modified_time":"2021-04-15T17:17:51+00:00","og_image":[{"url":"https:\/\/loggikka.com\/wp-content\/uploads\/2020\/01\/loggikka_simbolo.png"}],"twitter_card":"summary_large_image","twitter_misc":{"Est. reading time":"4 minutes"},"schema":{"@context":"https:\/\/schema.org","@graph":[{"@type":"WebPage","@id":"https:\/\/loggikka.com\/es\/logistica-e-operacoes\/","url":"https:\/\/loggikka.com\/es\/logistica-e-operacoes\/","name":"Inova\u00e7\u00e3o em log\u00edstica e opera\u00e7\u00f5es - Loggikka Inova\u00e7\u00e3o em Servi\u00e7os","isPartOf":{"@id":"https:\/\/loggikka.com\/#website"},"datePublished":"2020-01-07T12:39:27+00:00","dateModified":"2021-04-15T17:17:51+00:00","description":"Solucionamos suas necessidades de log\u00edstica e opera\u00e7\u00f5es de maneira Loggikka e integral. Nosso modelo de neg\u00f3cio \u00e9 diferenciado e atua em conjunto com sua equipe.","breadcrumb":{"@id":"https:\/\/loggikka.com\/es\/logistica-e-operacoes\/#breadcrumb"},"inLanguage":"en-US","potentialAction":[{"@type":"ReadAction","target":["https:\/\/loggikka.com\/es\/logistica-e-operacoes\/"]}]},{"@type":"BreadcrumbList","@id":"https:\/\/loggikka.com\/es\/logistica-e-operacoes\/#breadcrumb","itemListElement":[{"@type":"ListItem","position":1,"name":"In\u00edcio","item":"https:\/\/loggikka.com\/"},{"@type":"ListItem","position":2,"name":"Log\u00edstica"}]},{"@type":"WebSite","@id":"https:\/\/loggikka.com\/#website","url":"https:\/\/loggikka.com\/","name":"Loggikka","description":"Inova&ccedil;&atilde;o em Log&iacute;stica e Desenvolvimento humano","publisher":{"@id":"https:\/\/loggikka.com\/#organization"},"potentialAction":[{"@type":"SearchAction","target":{"@type":"EntryPoint","urlTemplate":"https:\/\/loggikka.com\/?s={search_term_string}"},"query-input":"required name=search_term_string"}],"inLanguage":"en-US"},{"@type":"Organization","@id":"https:\/\/loggikka.com\/#organization","name":"Loggikka","url":"https:\/\/loggikka.com\/","logo":{"@type":"ImageObject","inLanguage":"en-US","@id":"https:\/\/loggikka.com\/#\/schema\/logo\/image\/","url":"https:\/\/loggikka.com\/wp-content\/uploads\/2020\/01\/somos_loggikka.png","contentUrl":"https:\/\/loggikka.com\/wp-content\/uploads\/2020\/01\/somos_loggikka.png","width":667,"height":251,"caption":"Loggikka"},"image":{"@id":"https:\/\/loggikka.com\/#\/schema\/logo\/image\/"},"sameAs":["https:\/\/www.facebook.com\/loggikka\/","https:\/\/www.instagram.com\/loggikka\/","https:\/\/www.linkedin.com\/company\/loggikka\/"]}]}},"_links":{"self":[{"href":"https:\/\/loggikka.com\/en\/wp-json\/wp\/v2\/pages\/401"}],"collection":[{"href":"https:\/\/loggikka.com\/en\/wp-json\/wp\/v2\/pages"}],"about":[{"href":"https:\/\/loggikka.com\/en\/wp-json\/wp\/v2\/types\/page"}],"author":[{"embeddable":true,"href":"https:\/\/loggikka.com\/en\/wp-json\/wp\/v2\/users\/1"}],"replies":[{"embeddable":true,"href":"https:\/\/loggikka.com\/en\/wp-json\/wp\/v2\/comments?post=401"}],"version-history":[{"count":3,"href":"https:\/\/loggikka.com\/en\/wp-json\/wp\/v2\/pages\/401\/revisions"}],"predecessor-version":[{"id":799,"href":"https:\/\/loggikka.com\/en\/wp-json\/wp\/v2\/pages\/401\/revisions\/799"}],"wp:attachment":[{"href":"https:\/\/loggikka.com\/en\/wp-json\/wp\/v2\/media?parent=401"}],"curies":[{"name":"wp","href":"https:\/\/api.w.org\/{rel}","templated":true}]}}