{"id":499,"date":"2020-01-14T14:54:20","date_gmt":"2020-01-14T14:54:20","guid":{"rendered":"https:\/\/loggikka.com.br\/?page_id=499"},"modified":"2024-04-05T18:49:47","modified_gmt":"2024-04-05T18:49:47","slug":"business-partners","status":"publish","type":"page","link":"https:\/\/loggikka.com\/en\/business-partners\/","title":{"rendered":"Business Partners"},"content":{"rendered":"<p>Heading<br \/>\n<hr class=\"no_line\" style=\"margin:0 auto 0px\"\/>\n<\/p>\n<h2>O time Loggikka acredita que o conhecimento \u00e9 fundamental para a inova\u00e7\u00e3o &#8230;<\/h2>\n<hr class=\"no_line\" style=\"margin:0 auto 0px\"\/>\n\n<h6>Therefore, we are a large family prepared to offer the best solutions for your business.<\/h6>\n<hr class=\"no_line\" style=\"margin:0 auto 0px\"\/>\n\n<h3>Meet our Business Partners<\/h3>\n<p><hr class=\"no_line\" style=\"margin:0 auto 0px\"\/>\n<br \/>\nleft<br \/>\nno-repeat;left top;;<br \/>\nauto<\/p>\n<h3>SUPPLY CHAIN | LOG\u00cdSTICA | COMEX | SO&amp;P | OPERA\u00c7\u00d5ES | MKT<\/h3>\n<p>center<br \/>\nno-repeat;left top;;<br \/>\nauto<\/p>\n<p>10<br \/>\ndefault<\/p>\n<p><br \/>\nno-repeat;left top;;<br \/>\nauto<\/p>\n<h3>HUMAN DEVELOPMENT<\/h3>\n<p>center<br \/>\nno-repeat;left top;;<br \/>\nauto<\/p>\n<p>10<br \/>\ndefault<\/p>\n<p><br \/>\ncenter<br \/>\ncenter<br \/>\nno-repeat;left top;;<br \/>\nauto<\/p>\n<h3>COMPLIANCE E FINAN\u00c7AS &amp; TI<\/h3>\n<p>center<br \/>\nno-repeat;left top;;<br \/>\nauto<\/p>\n<p>10<br \/>\ndefault<\/p>\n<p><br \/>\ncenter<br \/>\ncenter<br \/>\nno-repeat;left top;;<\/p>\n<p><a href=\"https:\/\/www.linkedin.com\/company\/loggikka\/\">Linkedin<\/a><\/p>\n<blockquote class=\"wp-embedded-content\" data-secret=\"OSTQU7QHIC\"><p><a href=\"https:\/\/loggikka.com\/en\/logistica\/\">Log\u00edstica<\/a><\/p><\/blockquote>\n<p><iframe title=\"&#8220;Log\u00edstica&#8221; &#8212; Loggikka\" class=\"wp-embedded-content\" sandbox=\"allow-scripts\" security=\"restricted\" style=\"position: absolute; clip: rect(1px, 1px, 1px, 1px);\" src=\"https:\/\/loggikka.com\/logistica\/embed\/#?secret=OSTQU7QHIC\" data-secret=\"OSTQU7QHIC\" width=\"600\" height=\"338\" frameborder=\"0\" marginwidth=\"0\" marginheight=\"0\" scrolling=\"no\"><\/iframe><\/p>","protected":false},"excerpt":{"rendered":"<p>Heading O time Loggikka acredita que o conhecimento \u00e9 fundamental para a inova\u00e7\u00e3o &#8230; Por isso, somos uma grande fam\u00edlia preparada para oferecer as melhores solu\u00e7\u00f5es<span class=\"excerpt-hellip\"> [\u2026]<\/span><\/p>","protected":false},"author":1,"featured_media":0,"parent":0,"menu_order":0,"comment_status":"closed","ping_status":"open","template":"","meta":{"_mi_skip_tracking":false,"_exactmetrics_sitenote_active":false,"_exactmetrics_sitenote_note":"","_exactmetrics_sitenote_category":0},"yoast_head":"<!-- This site is optimized with the Yoast SEO plugin v20.11 - https:\/\/yoast.com\/wordpress\/plugins\/seo\/ -->\n<title>Business Partners - Loggikka Inova\u00e7\u00e3o Logistica e Desenvolvimento<\/title>\n<meta name=\"description\" content=\"Business Partners, acreditamos que o conhecimento \u00e9 fundamental para a inova\u00e7\u00e3o, somos uma grande fam\u00edlia preparada para oferecer as melhores solu\u00e7\u00f5es.\" \/>\n<meta name=\"robots\" content=\"index, follow, max-snippet:-1, max-image-preview:large, max-video-preview:-1\" \/>\n<link rel=\"canonical\" href=\"https:\/\/loggikka.com\/en\/business-partners\/\" \/>\n<meta property=\"og:locale\" content=\"en_US\" \/>\n<meta property=\"og:type\" content=\"article\" \/>\n<meta property=\"og:title\" content=\"Business Partners - Loggikka Inova\u00e7\u00e3o Logistica e Desenvolvimento\" \/>\n<meta property=\"og:description\" content=\"Business Partners, acreditamos que o conhecimento \u00e9 fundamental para a inova\u00e7\u00e3o, somos uma grande fam\u00edlia preparada para oferecer as melhores solu\u00e7\u00f5es.\" \/>\n<meta property=\"og:url\" content=\"https:\/\/loggikka.com\/en\/business-partners\/\" \/>\n<meta property=\"og:site_name\" content=\"Loggikka\" \/>\n<meta property=\"article:publisher\" content=\"https:\/\/www.facebook.com\/loggikka\/\" \/>\n<meta property=\"article:modified_time\" content=\"2024-04-05T18:49:47+00:00\" \/>\n<meta name=\"twitter:card\" content=\"summary_large_image\" \/>\n<meta name=\"twitter:label1\" content=\"Est. reading time\" \/>\n\t<meta name=\"twitter:data1\" content=\"1 minute\" \/>\n<script type=\"application\/ld+json\" class=\"yoast-schema-graph\">{\"@context\":\"https:\/\/schema.org\",\"@graph\":[{\"@type\":\"WebPage\",\"@id\":\"https:\/\/loggikka.com\/business-partners\/\",\"url\":\"https:\/\/loggikka.com\/business-partners\/\",\"name\":\"Business Partners - Loggikka Inova\u00e7\u00e3o Logistica e Desenvolvimento\",\"isPartOf\":{\"@id\":\"https:\/\/loggikka.com\/#website\"},\"datePublished\":\"2020-01-14T14:54:20+00:00\",\"dateModified\":\"2024-04-05T18:49:47+00:00\",\"description\":\"Business Partners, acreditamos que o conhecimento \u00e9 fundamental para a inova\u00e7\u00e3o, somos uma grande fam\u00edlia preparada para oferecer as melhores solu\u00e7\u00f5es.\",\"breadcrumb\":{\"@id\":\"https:\/\/loggikka.com\/business-partners\/#breadcrumb\"},\"inLanguage\":\"en-US\",\"potentialAction\":[{\"@type\":\"ReadAction\",\"target\":[\"https:\/\/loggikka.com\/business-partners\/\"]}]},{\"@type\":\"BreadcrumbList\",\"@id\":\"https:\/\/loggikka.com\/business-partners\/#breadcrumb\",\"itemListElement\":[{\"@type\":\"ListItem\",\"position\":1,\"name\":\"In\u00edcio\",\"item\":\"https:\/\/loggikka.com\/\"},{\"@type\":\"ListItem\",\"position\":2,\"name\":\"Business Partners\"}]},{\"@type\":\"WebSite\",\"@id\":\"https:\/\/loggikka.com\/#website\",\"url\":\"https:\/\/loggikka.com\/\",\"name\":\"Loggikka\",\"description\":\"Inova&ccedil;&atilde;o em Log&iacute;stica e Desenvolvimento humano\",\"publisher\":{\"@id\":\"https:\/\/loggikka.com\/#organization\"},\"potentialAction\":[{\"@type\":\"SearchAction\",\"target\":{\"@type\":\"EntryPoint\",\"urlTemplate\":\"https:\/\/loggikka.com\/?s={search_term_string}\"},\"query-input\":\"required name=search_term_string\"}],\"inLanguage\":\"en-US\"},{\"@type\":\"Organization\",\"@id\":\"https:\/\/loggikka.com\/#organization\",\"name\":\"Loggikka\",\"url\":\"https:\/\/loggikka.com\/\",\"logo\":{\"@type\":\"ImageObject\",\"inLanguage\":\"en-US\",\"@id\":\"https:\/\/loggikka.com\/#\/schema\/logo\/image\/\",\"url\":\"https:\/\/loggikka.com\/wp-content\/uploads\/2020\/01\/somos_loggikka.png\",\"contentUrl\":\"https:\/\/loggikka.com\/wp-content\/uploads\/2020\/01\/somos_loggikka.png\",\"width\":667,\"height\":251,\"caption\":\"Loggikka\"},\"image\":{\"@id\":\"https:\/\/loggikka.com\/#\/schema\/logo\/image\/\"},\"sameAs\":[\"https:\/\/www.facebook.com\/loggikka\/\",\"https:\/\/www.instagram.com\/loggikka\/\",\"https:\/\/www.linkedin.com\/company\/loggikka\/\"]}]}<\/script>\n<!-- \/ Yoast SEO plugin. -->","yoast_head_json":{"title":"Business Partners - Loggikka Inova\u00e7\u00e3o Logistica e Desenvolvimento","description":"Business Partners, acreditamos que o conhecimento \u00e9 fundamental para a inova\u00e7\u00e3o, somos uma grande fam\u00edlia preparada para oferecer as melhores solu\u00e7\u00f5es.","robots":{"index":"index","follow":"follow","max-snippet":"max-snippet:-1","max-image-preview":"max-image-preview:large","max-video-preview":"max-video-preview:-1"},"canonical":"https:\/\/loggikka.com\/en\/business-partners\/","og_locale":"en_US","og_type":"article","og_title":"Business Partners - Loggikka Inova\u00e7\u00e3o Logistica e Desenvolvimento","og_description":"Business Partners, acreditamos que o conhecimento \u00e9 fundamental para a inova\u00e7\u00e3o, somos uma grande fam\u00edlia preparada para oferecer as melhores solu\u00e7\u00f5es.","og_url":"https:\/\/loggikka.com\/en\/business-partners\/","og_site_name":"Loggikka","article_publisher":"https:\/\/www.facebook.com\/loggikka\/","article_modified_time":"2024-04-05T18:49:47+00:00","twitter_card":"summary_large_image","twitter_misc":{"Est. reading time":"1 minute"},"schema":{"@context":"https:\/\/schema.org","@graph":[{"@type":"WebPage","@id":"https:\/\/loggikka.com\/business-partners\/","url":"https:\/\/loggikka.com\/business-partners\/","name":"Business Partners - Loggikka Inova\u00e7\u00e3o Logistica e Desenvolvimento","isPartOf":{"@id":"https:\/\/loggikka.com\/#website"},"datePublished":"2020-01-14T14:54:20+00:00","dateModified":"2024-04-05T18:49:47+00:00","description":"Business Partners, acreditamos que o conhecimento \u00e9 fundamental para a inova\u00e7\u00e3o, somos uma grande fam\u00edlia preparada para oferecer as melhores solu\u00e7\u00f5es.","breadcrumb":{"@id":"https:\/\/loggikka.com\/business-partners\/#breadcrumb"},"inLanguage":"en-US","potentialAction":[{"@type":"ReadAction","target":["https:\/\/loggikka.com\/business-partners\/"]}]},{"@type":"BreadcrumbList","@id":"https:\/\/loggikka.com\/business-partners\/#breadcrumb","itemListElement":[{"@type":"ListItem","position":1,"name":"In\u00edcio","item":"https:\/\/loggikka.com\/"},{"@type":"ListItem","position":2,"name":"Business Partners"}]},{"@type":"WebSite","@id":"https:\/\/loggikka.com\/#website","url":"https:\/\/loggikka.com\/","name":"Loggikka","description":"Inova&ccedil;&atilde;o em Log&iacute;stica e Desenvolvimento humano","publisher":{"@id":"https:\/\/loggikka.com\/#organization"},"potentialAction":[{"@type":"SearchAction","target":{"@type":"EntryPoint","urlTemplate":"https:\/\/loggikka.com\/?s={search_term_string}"},"query-input":"required name=search_term_string"}],"inLanguage":"en-US"},{"@type":"Organization","@id":"https:\/\/loggikka.com\/#organization","name":"Loggikka","url":"https:\/\/loggikka.com\/","logo":{"@type":"ImageObject","inLanguage":"en-US","@id":"https:\/\/loggikka.com\/#\/schema\/logo\/image\/","url":"https:\/\/loggikka.com\/wp-content\/uploads\/2020\/01\/somos_loggikka.png","contentUrl":"https:\/\/loggikka.com\/wp-content\/uploads\/2020\/01\/somos_loggikka.png","width":667,"height":251,"caption":"Loggikka"},"image":{"@id":"https:\/\/loggikka.com\/#\/schema\/logo\/image\/"},"sameAs":["https:\/\/www.facebook.com\/loggikka\/","https:\/\/www.instagram.com\/loggikka\/","https:\/\/www.linkedin.com\/company\/loggikka\/"]}]}},"_links":{"self":[{"href":"https:\/\/loggikka.com\/en\/wp-json\/wp\/v2\/pages\/499"}],"collection":[{"href":"https:\/\/loggikka.com\/en\/wp-json\/wp\/v2\/pages"}],"about":[{"href":"https:\/\/loggikka.com\/en\/wp-json\/wp\/v2\/types\/page"}],"author":[{"embeddable":true,"href":"https:\/\/loggikka.com\/en\/wp-json\/wp\/v2\/users\/1"}],"replies":[{"embeddable":true,"href":"https:\/\/loggikka.com\/en\/wp-json\/wp\/v2\/comments?post=499"}],"version-history":[{"count":5,"href":"https:\/\/loggikka.com\/en\/wp-json\/wp\/v2\/pages\/499\/revisions"}],"predecessor-version":[{"id":1127,"href":"https:\/\/loggikka.com\/en\/wp-json\/wp\/v2\/pages\/499\/revisions\/1127"}],"wp:attachment":[{"href":"https:\/\/loggikka.com\/en\/wp-json\/wp\/v2\/media?parent=499"}],"curies":[{"name":"wp","href":"https:\/\/api.w.org\/{rel}","templated":true}]}}