{"id":12,"date":"2019-10-14T09:42:13","date_gmt":"2019-10-14T09:42:13","guid":{"rendered":"https:\/\/themes.muffingroup.com\/be\/steak2\/?page_id=12"},"modified":"2021-08-12T12:13:48","modified_gmt":"2021-08-12T12:13:48","slug":"contato","status":"publish","type":"page","link":"https:\/\/loggikka.com\/es\/contato\/","title":{"rendered":"Contato"},"content":{"rendered":"<p>Heading<br><h4>Venha conhecer nosso espa\u00e7o ou se\r<br>preferir podemos ir at\u00e9 voc\u00ea<\/h4>\r<br>\r<br><hr class=\"no_line\" style=\"margin:0 auto 0px\"\/>\n\r<br>Nuestros clientes son importantes para nosotros. \r<br><hr class=\"no_line\" style=\"margin:0 auto 0px\"\/>\n\r<br>Ficaremos contentes em visit\u00e1-los ou\r<br>recebe-los em nossa empresa.\r<br>\r<br><hr class=\"no_line\" style=\"margin:0 auto 0px\"\/>\n\r<br>\r<br><a href=\"https:\/\/www.linkedin.com\/company\/loggikka\" target=\"_blank\" rel=\"noopener noreferrer\"><\/a>\r<br>\r<br><a href=\"https:\/\/www.instagram.com\/loggikka\/\" target=\"_blank\" rel=\"noopener noreferrer\"><\/a>\r<br>\r<br><a href=\"https:\/\/www.facebook.com\/loggikka\/\" target=\"_blank\" rel=\"noopener noreferrer\"><\/a><br>left<br>no-repeat;left top;;<br>auto<br><br>Contact form<br><p class=\"wpcf7-contact-form-not-found\"><strong>Error:<\/strong> Formulario de contacto no encontrado.<\/p><br>center<br>no-repeat;left top;;<br>auto<br><br>-23.691477<br>-46.549222<br>19<br>500<br>ROADMAP<br>https:\/\/loggikka.com\/wp-content\/uploads\/2020\/01\/gps_loggikka.png<br>Loggikka<br>Rua Jos\u00e9 Versolato 111,\r<br>cj. 3505 &#8211; Centro\r<br>S. B. Campo &#8211; S\u00e3o Paulo<br>box<br><br>20<br>default<br><br><hr class=\"no_line\" style=\"margin:0 auto 0px\"\/>\n\r<br>\r<br><h2>J\u00e1 estamos em tr\u00eas estados brasileiros<\/h2>\r<br>\r<br><hr class=\"no_line\" style=\"margin:0 auto 0px\"\/>\n\r<br>\r<br>S\u00e3o Paulo\r<br>Minas Gerais\r<br>Bahia\r<br><br>center<br>no-repeat;left top;;<br>auto<br>margin-left: 15px;<br><br><img decoding=\"async\" src=\"https:\/\/loggikka.com\/wp-content\/uploads\/2020\/01\/mapa_loggikka.png\" alt=\"\" \/><br>left<br>zoomInDown<br><br><\/p>","protected":false},"excerpt":{"rendered":"<p>Heading Venha conhecer nosso espa\u00e7o ou se preferir podemos ir at\u00e9 voc\u00ea Nossos clientes s\u00e3o importantes para n\u00f3s. Ficaremos contentes em visit\u00e1-los ou recebe-los em nossa<span class=\"excerpt-hellip\"> [\u2026]<\/span><\/p>","protected":false},"author":1,"featured_media":0,"parent":0,"menu_order":0,"comment_status":"closed","ping_status":"closed","template":"","meta":{"_mi_skip_tracking":false,"_exactmetrics_sitenote_active":false,"_exactmetrics_sitenote_note":"","_exactmetrics_sitenote_category":0},"yoast_head":"<!-- This site is optimized with the Yoast SEO plugin v20.11 - https:\/\/yoast.com\/wordpress\/plugins\/seo\/ -->\n<title>Contato Loggikka - Atendimento do nosso Time completo<\/title>\n<meta name=\"description\" content=\"Contato da nossa empresa, nossos clientes s\u00e3o importantes para n\u00f3s. Ficaremos contentes em visit\u00e1-los ou recebe-los em nossa empresa.\" \/>\n<meta name=\"robots\" content=\"index, follow, max-snippet:-1, max-image-preview:large, max-video-preview:-1\" \/>\n<link rel=\"canonical\" href=\"https:\/\/loggikka.com\/es\/contato\/\" \/>\n<meta property=\"og:locale\" content=\"es_ES\" \/>\n<meta property=\"og:type\" content=\"article\" \/>\n<meta property=\"og:title\" content=\"Contato Loggikka - Atendimento do nosso Time completo\" \/>\n<meta property=\"og:description\" content=\"Contato da nossa empresa, nossos clientes s\u00e3o importantes para n\u00f3s. Ficaremos contentes em visit\u00e1-los ou recebe-los em nossa empresa.\" \/>\n<meta property=\"og:url\" content=\"https:\/\/loggikka.com\/es\/contato\/\" \/>\n<meta property=\"og:site_name\" content=\"Loggikka\" \/>\n<meta property=\"article:publisher\" content=\"https:\/\/www.facebook.com\/loggikka\/\" \/>\n<meta property=\"article:modified_time\" content=\"2021-08-12T12:13:48+00:00\" \/>\n<meta property=\"og:image\" content=\"https:\/\/loggikka.com\/wp-content\/uploads\/2020\/01\/mapa_loggikka.png\" \/>\n<meta name=\"twitter:card\" content=\"summary_large_image\" \/>\n<meta name=\"twitter:label1\" content=\"Tiempo de lectura\" \/>\n\t<meta name=\"twitter:data1\" content=\"1 minuto\" \/>\n<script type=\"application\/ld+json\" class=\"yoast-schema-graph\">{\"@context\":\"https:\/\/schema.org\",\"@graph\":[{\"@type\":\"WebPage\",\"@id\":\"https:\/\/loggikka.com\/contato\/\",\"url\":\"https:\/\/loggikka.com\/contato\/\",\"name\":\"Contato Loggikka - Atendimento do nosso Time completo\",\"isPartOf\":{\"@id\":\"https:\/\/loggikka.com\/#website\"},\"datePublished\":\"2019-10-14T09:42:13+00:00\",\"dateModified\":\"2021-08-12T12:13:48+00:00\",\"description\":\"Contato da nossa empresa, nossos clientes s\u00e3o importantes para n\u00f3s. Ficaremos contentes em visit\u00e1-los ou recebe-los em nossa empresa.\",\"breadcrumb\":{\"@id\":\"https:\/\/loggikka.com\/contato\/#breadcrumb\"},\"inLanguage\":\"es\",\"potentialAction\":[{\"@type\":\"ReadAction\",\"target\":[\"https:\/\/loggikka.com\/contato\/\"]}]},{\"@type\":\"BreadcrumbList\",\"@id\":\"https:\/\/loggikka.com\/contato\/#breadcrumb\",\"itemListElement\":[{\"@type\":\"ListItem\",\"position\":1,\"name\":\"In\u00edcio\",\"item\":\"https:\/\/loggikka.com\/\"},{\"@type\":\"ListItem\",\"position\":2,\"name\":\"Contato\"}]},{\"@type\":\"WebSite\",\"@id\":\"https:\/\/loggikka.com\/#website\",\"url\":\"https:\/\/loggikka.com\/\",\"name\":\"Loggikka\",\"description\":\"Inova&ccedil;&atilde;o em Log&iacute;stica e Desenvolvimento humano\",\"publisher\":{\"@id\":\"https:\/\/loggikka.com\/#organization\"},\"potentialAction\":[{\"@type\":\"SearchAction\",\"target\":{\"@type\":\"EntryPoint\",\"urlTemplate\":\"https:\/\/loggikka.com\/?s={search_term_string}\"},\"query-input\":\"required name=search_term_string\"}],\"inLanguage\":\"es\"},{\"@type\":\"Organization\",\"@id\":\"https:\/\/loggikka.com\/#organization\",\"name\":\"Loggikka\",\"url\":\"https:\/\/loggikka.com\/\",\"logo\":{\"@type\":\"ImageObject\",\"inLanguage\":\"es\",\"@id\":\"https:\/\/loggikka.com\/#\/schema\/logo\/image\/\",\"url\":\"https:\/\/loggikka.com\/wp-content\/uploads\/2020\/01\/somos_loggikka.png\",\"contentUrl\":\"https:\/\/loggikka.com\/wp-content\/uploads\/2020\/01\/somos_loggikka.png\",\"width\":667,\"height\":251,\"caption\":\"Loggikka\"},\"image\":{\"@id\":\"https:\/\/loggikka.com\/#\/schema\/logo\/image\/\"},\"sameAs\":[\"https:\/\/www.facebook.com\/loggikka\/\",\"https:\/\/www.instagram.com\/loggikka\/\",\"https:\/\/www.linkedin.com\/company\/loggikka\/\"]}]}<\/script>\n<!-- \/ Yoast SEO plugin. -->","yoast_head_json":{"title":"Contato Loggikka - Atendimento do nosso Time completo","description":"Contato da nossa empresa, nossos clientes s\u00e3o importantes para n\u00f3s. Ficaremos contentes em visit\u00e1-los ou recebe-los em nossa empresa.","robots":{"index":"index","follow":"follow","max-snippet":"max-snippet:-1","max-image-preview":"max-image-preview:large","max-video-preview":"max-video-preview:-1"},"canonical":"https:\/\/loggikka.com\/es\/contato\/","og_locale":"es_ES","og_type":"article","og_title":"Contato Loggikka - Atendimento do nosso Time completo","og_description":"Contato da nossa empresa, nossos clientes s\u00e3o importantes para n\u00f3s. Ficaremos contentes em visit\u00e1-los ou recebe-los em nossa empresa.","og_url":"https:\/\/loggikka.com\/es\/contato\/","og_site_name":"Loggikka","article_publisher":"https:\/\/www.facebook.com\/loggikka\/","article_modified_time":"2021-08-12T12:13:48+00:00","og_image":[{"url":"https:\/\/loggikka.com\/wp-content\/uploads\/2020\/01\/mapa_loggikka.png"}],"twitter_card":"summary_large_image","twitter_misc":{"Tiempo de lectura":"1 minuto"},"schema":{"@context":"https:\/\/schema.org","@graph":[{"@type":"WebPage","@id":"https:\/\/loggikka.com\/contato\/","url":"https:\/\/loggikka.com\/contato\/","name":"Contato Loggikka - Atendimento do nosso Time completo","isPartOf":{"@id":"https:\/\/loggikka.com\/#website"},"datePublished":"2019-10-14T09:42:13+00:00","dateModified":"2021-08-12T12:13:48+00:00","description":"Contato da nossa empresa, nossos clientes s\u00e3o importantes para n\u00f3s. Ficaremos contentes em visit\u00e1-los ou recebe-los em nossa empresa.","breadcrumb":{"@id":"https:\/\/loggikka.com\/contato\/#breadcrumb"},"inLanguage":"es","potentialAction":[{"@type":"ReadAction","target":["https:\/\/loggikka.com\/contato\/"]}]},{"@type":"BreadcrumbList","@id":"https:\/\/loggikka.com\/contato\/#breadcrumb","itemListElement":[{"@type":"ListItem","position":1,"name":"In\u00edcio","item":"https:\/\/loggikka.com\/"},{"@type":"ListItem","position":2,"name":"Contato"}]},{"@type":"WebSite","@id":"https:\/\/loggikka.com\/#website","url":"https:\/\/loggikka.com\/","name":"Loggikka","description":"Inova&ccedil;&atilde;o em Log&iacute;stica e Desenvolvimento humano","publisher":{"@id":"https:\/\/loggikka.com\/#organization"},"potentialAction":[{"@type":"SearchAction","target":{"@type":"EntryPoint","urlTemplate":"https:\/\/loggikka.com\/?s={search_term_string}"},"query-input":"required name=search_term_string"}],"inLanguage":"es"},{"@type":"Organization","@id":"https:\/\/loggikka.com\/#organization","name":"Loggikka","url":"https:\/\/loggikka.com\/","logo":{"@type":"ImageObject","inLanguage":"es","@id":"https:\/\/loggikka.com\/#\/schema\/logo\/image\/","url":"https:\/\/loggikka.com\/wp-content\/uploads\/2020\/01\/somos_loggikka.png","contentUrl":"https:\/\/loggikka.com\/wp-content\/uploads\/2020\/01\/somos_loggikka.png","width":667,"height":251,"caption":"Loggikka"},"image":{"@id":"https:\/\/loggikka.com\/#\/schema\/logo\/image\/"},"sameAs":["https:\/\/www.facebook.com\/loggikka\/","https:\/\/www.instagram.com\/loggikka\/","https:\/\/www.linkedin.com\/company\/loggikka\/"]}]}},"_links":{"self":[{"href":"https:\/\/loggikka.com\/es\/wp-json\/wp\/v2\/pages\/12"}],"collection":[{"href":"https:\/\/loggikka.com\/es\/wp-json\/wp\/v2\/pages"}],"about":[{"href":"https:\/\/loggikka.com\/es\/wp-json\/wp\/v2\/types\/page"}],"author":[{"embeddable":true,"href":"https:\/\/loggikka.com\/es\/wp-json\/wp\/v2\/users\/1"}],"replies":[{"embeddable":true,"href":"https:\/\/loggikka.com\/es\/wp-json\/wp\/v2\/comments?post=12"}],"version-history":[{"count":3,"href":"https:\/\/loggikka.com\/es\/wp-json\/wp\/v2\/pages\/12\/revisions"}],"predecessor-version":[{"id":839,"href":"https:\/\/loggikka.com\/es\/wp-json\/wp\/v2\/pages\/12\/revisions\/839"}],"wp:attachment":[{"href":"https:\/\/loggikka.com\/es\/wp-json\/wp\/v2\/media?parent=12"}],"curies":[{"name":"wp","href":"https:\/\/api.w.org\/{rel}","templated":true}]}}